{"id":60,"date":"2023-09-02T09:57:27","date_gmt":"2023-09-02T09:57:27","guid":{"rendered":"https:\/\/powerupplus.es\/index.php\/about\/"},"modified":"2026-04-29T09:15:40","modified_gmt":"2026-04-29T09:15:40","slug":"aboutus","status":"publish","type":"page","link":"https:\/\/powerupplus.es\/en\/aboutus\/","title":{"rendered":"About us"},"content":{"rendered":"<div data-elementor-type=\"wp-page\" data-elementor-id=\"60\" class=\"elementor elementor-60\">\n\t\t\t\t<div class=\"elementor-element elementor-element-9eae337 e-flex e-con-boxed wpr-particle-no wpr-jarallax-no wpr-parallax-no wpr-sticky-section-no e-con e-parent\" data-id=\"9eae337\" data-element_type=\"container\" data-e-type=\"container\">\n\t\t\t\t\t<div class=\"e-con-inner\">\n\t\t<div class=\"elementor-element elementor-element-882f6b5 e-con-full e-flex wpr-particle-no wpr-jarallax-no wpr-parallax-no wpr-sticky-section-no e-con e-child\" data-id=\"882f6b5\" data-element_type=\"container\" data-e-type=\"container\" data-settings=\"{&quot;background_background&quot;:&quot;classic&quot;}\">\n\t\t\t\t<div class=\"elementor-element elementor-element-9ebc119 elementor-widget elementor-widget-spacer\" data-id=\"9ebc119\" data-element_type=\"widget\" data-e-type=\"widget\" data-widget_type=\"spacer.default\">\n\t\t\t\t<div class=\"elementor-widget-container\">\n\t\t\t\t\t\t\t<div class=\"elementor-spacer\">\n\t\t\t<div class=\"elementor-spacer-inner\"><\/div>\n\t\t<\/div>\n\t\t\t\t\t\t<\/div>\n\t\t\t\t<\/div>\n\t\t\t\t<\/div>\n\t\t<div class=\"elementor-element elementor-element-53452cb e-con-full e-flex wpr-particle-no wpr-jarallax-no wpr-parallax-no wpr-sticky-section-no e-con e-child\" data-id=\"53452cb\" data-element_type=\"container\" data-e-type=\"container\">\n\t\t\t\t<div class=\"elementor-element elementor-element-899b095 elementor-widget elementor-widget-heading\" data-id=\"899b095\" data-element_type=\"widget\" data-e-type=\"widget\" data-widget_type=\"heading.default\">\n\t\t\t\t<div class=\"elementor-widget-container\">\n\t\t\t\t\t<h1 class=\"elementor-heading-title elementor-size-default\">Sobre PowerUp+<\/h1>\t\t\t\t<\/div>\n\t\t\t\t<\/div>\n\t\t\t\t<div class=\"elementor-element elementor-element-3783590 elementor-widget elementor-widget-text-editor\" data-id=\"3783590\" data-element_type=\"widget\" data-e-type=\"widget\" data-widget_type=\"text-editor.default\">\n\t\t\t\t<div class=\"elementor-widget-container\">\n\t\t\t\t\t\t\t\t\t<p>PowerUp+ nace de la convicci\u00f3n de que el videojuego necesita m\u00e1s voces diversas. Somos la primera incubadora de videojuegos a nivel nacional con perspectiva de g\u00e9nero, completamente gratuita, dirigida a mujeres, personas trans, no binarias y colectivo LGBTIQ+.<\/p><p>Surgimos del \u00e9xito de FemPowerUp, con el respaldo del Ayuntamiento de Sant Feliu de Llobregat, la Generalitat de Catalunya y el Ministerio de Cultura de Espa\u00f1a.<\/p>\t\t\t\t\t\t\t\t<\/div>\n\t\t\t\t<\/div>\n\t\t\t\t<\/div>\n\t\t\t\t\t<\/div>\n\t\t\t\t<\/div>\n\t\t<div class=\"elementor-element elementor-element-c95e10a e-flex e-con-boxed wpr-particle-no wpr-jarallax-no wpr-parallax-no wpr-sticky-section-no e-con e-parent\" data-id=\"c95e10a\" data-element_type=\"container\" data-e-type=\"container\">\n\t\t\t\t\t<div class=\"e-con-inner\">\n\t\t<div class=\"elementor-element elementor-element-39f0b5a e-con-full e-flex wpr-particle-no wpr-jarallax-no wpr-parallax-no wpr-sticky-section-no e-con e-child\" data-id=\"39f0b5a\" data-element_type=\"container\" data-e-type=\"container\">\n\t\t\t\t<div class=\"elementor-element elementor-element-d81efb0 elementor-view-default elementor-position-block-start elementor-mobile-position-block-start elementor-widget elementor-widget-icon-box\" data-id=\"d81efb0\" data-element_type=\"widget\" data-e-type=\"widget\" data-widget_type=\"icon-box.default\">\n\t\t\t\t<div class=\"elementor-widget-container\">\n\t\t\t\t\t\t\t<div class=\"elementor-icon-box-wrapper\">\n\n\t\t\t\t\t\t<div class=\"elementor-icon-box-icon\">\n\t\t\t\t<span  class=\"elementor-icon\">\n\t\t\t\t<i aria-hidden=\"true\" class=\"far fa-question-circle\"><\/i>\t\t\t\t<\/span>\n\t\t\t<\/div>\n\t\t\t\n\t\t\t\t\t\t<div class=\"elementor-icon-box-content\">\n\n\t\t\t\t\t\t\t\t\t<h3 class=\"elementor-icon-box-title\">\n\t\t\t\t\t\t<span  >\n\t\t\t\t\t\t\t\ud83d\udd12 Entorno seguro\t\t\t\t\t\t<\/span>\n\t\t\t\t\t<\/h3>\n\t\t\t\t\n\t\t\t\t\t\t\t\t\t<p class=\"elementor-icon-box-description\">\n\t\t\t\t\t\tTodas las mentoras y participantes pertenecen a colectivos marginalizados. Sin excepciones.\t\t\t\t\t<\/p>\n\t\t\t\t\n\t\t\t<\/div>\n\t\t\t\n\t\t<\/div>\n\t\t\t\t\t\t<\/div>\n\t\t\t\t<\/div>\n\t\t\t\t<\/div>\n\t\t<div class=\"elementor-element elementor-element-6a6ad87 e-con-full e-flex wpr-particle-no wpr-jarallax-no wpr-parallax-no wpr-sticky-section-no e-con e-child\" data-id=\"6a6ad87\" data-element_type=\"container\" data-e-type=\"container\">\n\t\t\t\t<div class=\"elementor-element elementor-element-1d02013 elementor-view-default elementor-position-block-start elementor-mobile-position-block-start elementor-widget elementor-widget-icon-box\" data-id=\"1d02013\" data-element_type=\"widget\" data-e-type=\"widget\" data-widget_type=\"icon-box.default\">\n\t\t\t\t<div class=\"elementor-widget-container\">\n\t\t\t\t\t\t\t<div class=\"elementor-icon-box-wrapper\">\n\n\t\t\t\t\t\t<div class=\"elementor-icon-box-icon\">\n\t\t\t\t<span  class=\"elementor-icon\">\n\t\t\t\t<i aria-hidden=\"true\" class=\"far fa-smile-beam\"><\/i>\t\t\t\t<\/span>\n\t\t\t<\/div>\n\t\t\t\n\t\t\t\t\t\t<div class=\"elementor-icon-box-content\">\n\n\t\t\t\t\t\t\t\t\t<h3 class=\"elementor-icon-box-title\">\n\t\t\t\t\t\t<span  >\n\t\t\t\t\t\t\t\ud83c\udf93 Formaci\u00f3n real\t\t\t\t\t\t<\/span>\n\t\t\t\t\t<\/h3>\n\t\t\t\t\n\t\t\t\t\t\t\t\t\t<p class=\"elementor-icon-box-description\">\n\t\t\t\t\t\tProgramaci\u00f3n, arte, dise\u00f1o, sonido y producci\u00f3n con profesionales activos de la industria.\t\t\t\t\t<\/p>\n\t\t\t\t\n\t\t\t<\/div>\n\t\t\t\n\t\t<\/div>\n\t\t\t\t\t\t<\/div>\n\t\t\t\t<\/div>\n\t\t\t\t<\/div>\n\t\t<div class=\"elementor-element elementor-element-bbd25d4 e-con-full e-flex wpr-particle-no wpr-jarallax-no wpr-parallax-no wpr-sticky-section-no e-con e-child\" data-id=\"bbd25d4\" data-element_type=\"container\" data-e-type=\"container\">\n\t\t\t\t<div class=\"elementor-element elementor-element-e28b132 elementor-view-default elementor-position-block-start elementor-mobile-position-block-start elementor-widget elementor-widget-icon-box\" data-id=\"e28b132\" data-element_type=\"widget\" data-e-type=\"widget\" data-widget_type=\"icon-box.default\">\n\t\t\t\t<div class=\"elementor-widget-container\">\n\t\t\t\t\t\t\t<div class=\"elementor-icon-box-wrapper\">\n\n\t\t\t\t\t\t<div class=\"elementor-icon-box-icon\">\n\t\t\t\t<span  class=\"elementor-icon\">\n\t\t\t\t<i aria-hidden=\"true\" class=\"fas fa-gamepad\"><\/i>\t\t\t\t<\/span>\n\t\t\t<\/div>\n\t\t\t\n\t\t\t\t\t\t<div class=\"elementor-icon-box-content\">\n\n\t\t\t\t\t\t\t\t\t<h3 class=\"elementor-icon-box-title\">\n\t\t\t\t\t\t<span  >\n\t\t\t\t\t\t\t\ud83e\udd1d Red profesional\t\t\t\t\t\t<\/span>\n\t\t\t\t\t<\/h3>\n\t\t\t\t\n\t\t\t\t\t\t\t\t\t<p class=\"elementor-icon-box-description\">\n\t\t\t\t\t\tAcceso a ferias, publishers e inversores del sector indie espa\u00f1ol e internacional.\t\t\t\t\t<\/p>\n\t\t\t\t\n\t\t\t<\/div>\n\t\t\t\n\t\t<\/div>\n\t\t\t\t\t\t<\/div>\n\t\t\t\t<\/div>\n\t\t\t\t<\/div>\n\t\t\t\t\t<\/div>\n\t\t\t\t<\/div>\n\t\t<div class=\"elementor-element elementor-element-5ee7bb5 e-flex e-con-boxed wpr-particle-no wpr-jarallax-no wpr-parallax-no wpr-sticky-section-no e-con e-parent\" data-id=\"5ee7bb5\" data-element_type=\"container\" data-e-type=\"container\">\n\t\t\t\t\t<div class=\"e-con-inner\">\n\t\t<div class=\"elementor-element elementor-element-c970b91 e-con-full e-flex wpr-particle-no wpr-jarallax-no wpr-parallax-no wpr-sticky-section-no e-con e-child\" data-id=\"c970b91\" data-element_type=\"container\" data-e-type=\"container\">\n\t\t\t\t<div class=\"elementor-element elementor-element-f17d609 elementor-widget elementor-widget-heading\" data-id=\"f17d609\" data-element_type=\"widget\" data-e-type=\"widget\" data-widget_type=\"heading.default\">\n\t\t\t\t<div class=\"elementor-widget-container\">\n\t\t\t\t\t<h2 class=\"elementor-heading-title elementor-size-default\">Nuestro Equipo<\/h2>\t\t\t\t<\/div>\n\t\t\t\t<\/div>\n\t\t\t\t<div class=\"elementor-element elementor-element-d4c5045 elementor-widget elementor-widget-text-editor\" data-id=\"d4c5045\" data-element_type=\"widget\" data-e-type=\"widget\" data-widget_type=\"text-editor.default\">\n\t\t\t\t<div class=\"elementor-widget-container\">\n\t\t\t\t\t\t\t\t\t<p><em>El equipo de mentoras se presenta al inicio de cada edici\u00f3n.<\/em><\/p>\t\t\t\t\t\t\t\t<\/div>\n\t\t\t\t<\/div>\n\t\t<div class=\"elementor-element elementor-element-2f64be1 e-con-full e-flex wpr-particle-no wpr-jarallax-no wpr-parallax-no wpr-sticky-section-no e-con e-child\" data-id=\"2f64be1\" data-element_type=\"container\" data-e-type=\"container\">\n\t\t<div class=\"elementor-element elementor-element-7fe1708 e-con-full e-flex wpr-particle-no wpr-jarallax-no wpr-parallax-no wpr-sticky-section-no e-con e-child\" data-id=\"7fe1708\" data-element_type=\"container\" data-e-type=\"container\">\n\t\t\t\t<div class=\"elementor-element elementor-element-c8f8981 elementor-position-top elementor-widget elementor-widget-image-box\" data-id=\"c8f8981\" data-element_type=\"widget\" data-e-type=\"widget\" data-widget_type=\"image-box.default\">\n\t\t\t\t<div class=\"elementor-widget-container\">\n\t\t\t\t\t<div class=\"elementor-image-box-wrapper\"><figure class=\"elementor-image-box-img\"><img fetchpriority=\"high\" decoding=\"async\" width=\"225\" height=\"300\" src=\"https:\/\/powerupplus.es\/wp-content\/uploads\/2024\/07\/Laura-225x300.png\" class=\"elementor-animation-grow attachment-medium size-medium wp-image-676\" alt=\"\" srcset=\"https:\/\/powerupplus.es\/wp-content\/uploads\/2024\/07\/Laura-225x300.png 225w, https:\/\/powerupplus.es\/wp-content\/uploads\/2024\/07\/Laura-767x1024.png 767w, https:\/\/powerupplus.es\/wp-content\/uploads\/2024\/07\/Laura-768x1025.png 768w, https:\/\/powerupplus.es\/wp-content\/uploads\/2024\/07\/Laura.png 959w\" sizes=\"(max-width: 225px) 100vw, 225px\" \/><\/figure><div class=\"elementor-image-box-content\"><h4 class=\"elementor-image-box-title\">Laura Gonz\u00e1lez Fern\u00e1ndez (She\/Her)<\/h4><p class=\"elementor-image-box-description\">Directora y Coordinaci\u00f3n \u2014 Programadora FullStack, Desarrolladora de videojuegos y Cofundadora de IndieDevDay<\/p><\/div><\/div>\t\t\t\t<\/div>\n\t\t\t\t<\/div>\n\t\t\t\t<\/div>\n\t\t<div class=\"elementor-element elementor-element-9769e02 e-con-full e-flex wpr-particle-no wpr-jarallax-no wpr-parallax-no wpr-sticky-section-no e-con e-child\" data-id=\"9769e02\" data-element_type=\"container\" data-e-type=\"container\">\n\t\t\t\t<\/div>\n\t\t\t\t<\/div>\n\t\t\t\t<\/div>\n\t\t\t\t\t<\/div>\n\t\t\t\t<\/div>\n\t\t\t\t<\/div>","protected":false},"excerpt":{"rendered":"<p>Sobre PowerUp+ PowerUp+ nace de la convicci\u00f3n de que el videojuego necesita m\u00e1s voces diversas. Somos la primera incubadora de videojuegos a nivel nacional con perspectiva de g\u00e9nero, completamente gratuita, dirigida a mujeres, personas trans, no binarias y colectivo LGBTIQ+. Surgimos del \u00e9xito de FemPowerUp, con el respaldo del Ayuntamiento de Sant Feliu de Llobregat, la Generalitat de Catalunya y el Ministerio de Cultura de Espa\u00f1a. \ud83d\udd12 Entorno seguro Todas las mentoras y participantes pertenecen a colectivos marginalizados. Sin excepciones. \ud83c\udf93 Formaci\u00f3n real Programaci\u00f3n, arte, dise\u00f1o, sonido y producci\u00f3n con profesionales activos de la industria. \ud83e\udd1d Red profesional Acceso a ferias, publishers e inversores del sector indie espa\u00f1ol e internacional. Nuestro Equipo El equipo de mentoras se presenta al inicio de cada edici\u00f3n. Laura Gonz\u00e1lez Fern\u00e1ndez (She\/Her) Directora y Coordinaci\u00f3n \u2014 Programadora FullStack, Desarrolladora de videojuegos y Cofundadora de IndieDevDay<\/p>","protected":false},"author":1,"featured_media":0,"parent":0,"menu_order":0,"comment_status":"closed","ping_status":"closed","template":"elementor_header_footer","meta":{"footnotes":""},"class_list":["post-60","page","type-page","status-publish","hentry"],"yoast_head":"<!-- This site is optimized with the Yoast SEO plugin v27.5 - https:\/\/yoast.com\/product\/yoast-seo-wordpress\/ -->\n<title>Sobre nosotras | PowerUp+ Incubadora de Videojuegos<\/title>\n<meta name=\"description\" content=\"Conoce el equipo y la misi\u00f3n de PowerUp+, la incubadora de videojuegos m\u00e1s inclusiva de Espa\u00f1a, con perspectiva de g\u00e9nero y 100% gratuita.\" \/>\n<meta name=\"robots\" content=\"index, follow, max-snippet:-1, max-image-preview:large, max-video-preview:-1\" \/>\n<link rel=\"canonical\" href=\"https:\/\/powerupplus.es\/en\/aboutus\/\" \/>\n<meta property=\"og:locale\" content=\"en_US\" \/>\n<meta property=\"og:type\" content=\"article\" \/>\n<meta property=\"og:title\" content=\"Sobre nosotras | PowerUp+ Incubadora de Videojuegos\" \/>\n<meta property=\"og:description\" content=\"Conoce el equipo y la misi\u00f3n de PowerUp+, la incubadora de videojuegos m\u00e1s inclusiva de Espa\u00f1a, con perspectiva de g\u00e9nero y 100% gratuita.\" \/>\n<meta property=\"og:url\" content=\"https:\/\/powerupplus.es\/en\/aboutus\/\" \/>\n<meta property=\"og:site_name\" content=\"powerupplus\" \/>\n<meta property=\"article:modified_time\" content=\"2026-04-29T09:15:40+00:00\" \/>\n<meta property=\"og:image\" content=\"https:\/\/powerupplus.es\/wp-content\/uploads\/2024\/07\/Laura-225x300.png\" \/>\n<meta name=\"twitter:card\" content=\"summary_large_image\" \/>\n<meta name=\"twitter:label1\" content=\"Est. reading time\" \/>\n\t<meta name=\"twitter:data1\" content=\"1 minute\" \/>\n<script type=\"application\/ld+json\" class=\"yoast-schema-graph\">{\"@context\":\"https:\\\/\\\/schema.org\",\"@graph\":[{\"@type\":\"WebPage\",\"@id\":\"https:\\\/\\\/powerupplus.es\\\/aboutus\\\/\",\"url\":\"https:\\\/\\\/powerupplus.es\\\/aboutus\\\/\",\"name\":\"Sobre nosotras | PowerUp+ Incubadora de Videojuegos\",\"isPartOf\":{\"@id\":\"https:\\\/\\\/powerupplus.es\\\/#website\"},\"primaryImageOfPage\":{\"@id\":\"https:\\\/\\\/powerupplus.es\\\/aboutus\\\/#primaryimage\"},\"image\":{\"@id\":\"https:\\\/\\\/powerupplus.es\\\/aboutus\\\/#primaryimage\"},\"thumbnailUrl\":\"https:\\\/\\\/powerupplus.es\\\/wp-content\\\/uploads\\\/2024\\\/07\\\/Laura-225x300.png\",\"datePublished\":\"2023-09-02T09:57:27+00:00\",\"dateModified\":\"2026-04-29T09:15:40+00:00\",\"description\":\"Conoce el equipo y la misi\u00f3n de PowerUp+, la incubadora de videojuegos m\u00e1s inclusiva de Espa\u00f1a, con perspectiva de g\u00e9nero y 100% gratuita.\",\"breadcrumb\":{\"@id\":\"https:\\\/\\\/powerupplus.es\\\/aboutus\\\/#breadcrumb\"},\"inLanguage\":\"en-US\",\"potentialAction\":[{\"@type\":\"ReadAction\",\"target\":[\"https:\\\/\\\/powerupplus.es\\\/aboutus\\\/\"]}]},{\"@type\":\"ImageObject\",\"inLanguage\":\"en-US\",\"@id\":\"https:\\\/\\\/powerupplus.es\\\/aboutus\\\/#primaryimage\",\"url\":\"https:\\\/\\\/powerupplus.es\\\/wp-content\\\/uploads\\\/2024\\\/07\\\/Laura-225x300.png\",\"contentUrl\":\"https:\\\/\\\/powerupplus.es\\\/wp-content\\\/uploads\\\/2024\\\/07\\\/Laura-225x300.png\"},{\"@type\":\"BreadcrumbList\",\"@id\":\"https:\\\/\\\/powerupplus.es\\\/aboutus\\\/#breadcrumb\",\"itemListElement\":[{\"@type\":\"ListItem\",\"position\":1,\"name\":\"Home\",\"item\":\"https:\\\/\\\/powerupplus.es\\\/\"},{\"@type\":\"ListItem\",\"position\":2,\"name\":\"About us\"}]},{\"@type\":\"WebSite\",\"@id\":\"https:\\\/\\\/powerupplus.es\\\/#website\",\"url\":\"https:\\\/\\\/powerupplus.es\\\/\",\"name\":\"powerupplus\",\"description\":\"\",\"publisher\":{\"@id\":\"https:\\\/\\\/powerupplus.es\\\/#organization\"},\"potentialAction\":[{\"@type\":\"SearchAction\",\"target\":{\"@type\":\"EntryPoint\",\"urlTemplate\":\"https:\\\/\\\/powerupplus.es\\\/?s={search_term_string}\"},\"query-input\":{\"@type\":\"PropertyValueSpecification\",\"valueRequired\":true,\"valueName\":\"search_term_string\"}}],\"inLanguage\":\"en-US\"},{\"@type\":\"Organization\",\"@id\":\"https:\\\/\\\/powerupplus.es\\\/#organization\",\"name\":\"powerupplus\",\"url\":\"https:\\\/\\\/powerupplus.es\\\/\",\"logo\":{\"@type\":\"ImageObject\",\"inLanguage\":\"en-US\",\"@id\":\"https:\\\/\\\/powerupplus.es\\\/#\\\/schema\\\/logo\\\/image\\\/\",\"url\":\"https:\\\/\\\/powerupplus.es\\\/wp-content\\\/uploads\\\/2023\\\/09\\\/cropped-cropped-logo_transparent_background-e1720524634878-1.png\",\"contentUrl\":\"https:\\\/\\\/powerupplus.es\\\/wp-content\\\/uploads\\\/2023\\\/09\\\/cropped-cropped-logo_transparent_background-e1720524634878-1.png\",\"width\":150,\"height\":133,\"caption\":\"powerupplus\"},\"image\":{\"@id\":\"https:\\\/\\\/powerupplus.es\\\/#\\\/schema\\\/logo\\\/image\\\/\"}}]}<\/script>\n<!-- \/ Yoast SEO plugin. -->","yoast_head_json":{"title":"Sobre nosotras | PowerUp+ Incubadora de Videojuegos","description":"Conoce el equipo y la misi\u00f3n de PowerUp+, la incubadora de videojuegos m\u00e1s inclusiva de Espa\u00f1a, con perspectiva de g\u00e9nero y 100% gratuita.","robots":{"index":"index","follow":"follow","max-snippet":"max-snippet:-1","max-image-preview":"max-image-preview:large","max-video-preview":"max-video-preview:-1"},"canonical":"https:\/\/powerupplus.es\/en\/aboutus\/","og_locale":"en_US","og_type":"article","og_title":"Sobre nosotras | PowerUp+ Incubadora de Videojuegos","og_description":"Conoce el equipo y la misi\u00f3n de PowerUp+, la incubadora de videojuegos m\u00e1s inclusiva de Espa\u00f1a, con perspectiva de g\u00e9nero y 100% gratuita.","og_url":"https:\/\/powerupplus.es\/en\/aboutus\/","og_site_name":"powerupplus","article_modified_time":"2026-04-29T09:15:40+00:00","og_image":[{"url":"https:\/\/powerupplus.es\/wp-content\/uploads\/2024\/07\/Laura-225x300.png","type":"","width":"","height":""}],"twitter_card":"summary_large_image","twitter_misc":{"Est. reading time":"1 minute"},"schema":{"@context":"https:\/\/schema.org","@graph":[{"@type":"WebPage","@id":"https:\/\/powerupplus.es\/aboutus\/","url":"https:\/\/powerupplus.es\/aboutus\/","name":"Sobre nosotras | PowerUp+ Incubadora de Videojuegos","isPartOf":{"@id":"https:\/\/powerupplus.es\/#website"},"primaryImageOfPage":{"@id":"https:\/\/powerupplus.es\/aboutus\/#primaryimage"},"image":{"@id":"https:\/\/powerupplus.es\/aboutus\/#primaryimage"},"thumbnailUrl":"https:\/\/powerupplus.es\/wp-content\/uploads\/2024\/07\/Laura-225x300.png","datePublished":"2023-09-02T09:57:27+00:00","dateModified":"2026-04-29T09:15:40+00:00","description":"Conoce el equipo y la misi\u00f3n de PowerUp+, la incubadora de videojuegos m\u00e1s inclusiva de Espa\u00f1a, con perspectiva de g\u00e9nero y 100% gratuita.","breadcrumb":{"@id":"https:\/\/powerupplus.es\/aboutus\/#breadcrumb"},"inLanguage":"en-US","potentialAction":[{"@type":"ReadAction","target":["https:\/\/powerupplus.es\/aboutus\/"]}]},{"@type":"ImageObject","inLanguage":"en-US","@id":"https:\/\/powerupplus.es\/aboutus\/#primaryimage","url":"https:\/\/powerupplus.es\/wp-content\/uploads\/2024\/07\/Laura-225x300.png","contentUrl":"https:\/\/powerupplus.es\/wp-content\/uploads\/2024\/07\/Laura-225x300.png"},{"@type":"BreadcrumbList","@id":"https:\/\/powerupplus.es\/aboutus\/#breadcrumb","itemListElement":[{"@type":"ListItem","position":1,"name":"Home","item":"https:\/\/powerupplus.es\/"},{"@type":"ListItem","position":2,"name":"About us"}]},{"@type":"WebSite","@id":"https:\/\/powerupplus.es\/#website","url":"https:\/\/powerupplus.es\/","name":"powerupplus","description":"","publisher":{"@id":"https:\/\/powerupplus.es\/#organization"},"potentialAction":[{"@type":"SearchAction","target":{"@type":"EntryPoint","urlTemplate":"https:\/\/powerupplus.es\/?s={search_term_string}"},"query-input":{"@type":"PropertyValueSpecification","valueRequired":true,"valueName":"search_term_string"}}],"inLanguage":"en-US"},{"@type":"Organization","@id":"https:\/\/powerupplus.es\/#organization","name":"powerupplus","url":"https:\/\/powerupplus.es\/","logo":{"@type":"ImageObject","inLanguage":"en-US","@id":"https:\/\/powerupplus.es\/#\/schema\/logo\/image\/","url":"https:\/\/powerupplus.es\/wp-content\/uploads\/2023\/09\/cropped-cropped-logo_transparent_background-e1720524634878-1.png","contentUrl":"https:\/\/powerupplus.es\/wp-content\/uploads\/2023\/09\/cropped-cropped-logo_transparent_background-e1720524634878-1.png","width":150,"height":133,"caption":"powerupplus"},"image":{"@id":"https:\/\/powerupplus.es\/#\/schema\/logo\/image\/"}}]}},"_links":{"self":[{"href":"https:\/\/powerupplus.es\/en\/wp-json\/wp\/v2\/pages\/60","targetHints":{"allow":["GET"]}}],"collection":[{"href":"https:\/\/powerupplus.es\/en\/wp-json\/wp\/v2\/pages"}],"about":[{"href":"https:\/\/powerupplus.es\/en\/wp-json\/wp\/v2\/types\/page"}],"author":[{"embeddable":true,"href":"https:\/\/powerupplus.es\/en\/wp-json\/wp\/v2\/users\/1"}],"replies":[{"embeddable":true,"href":"https:\/\/powerupplus.es\/en\/wp-json\/wp\/v2\/comments?post=60"}],"version-history":[{"count":89,"href":"https:\/\/powerupplus.es\/en\/wp-json\/wp\/v2\/pages\/60\/revisions"}],"predecessor-version":[{"id":1035,"href":"https:\/\/powerupplus.es\/en\/wp-json\/wp\/v2\/pages\/60\/revisions\/1035"}],"wp:attachment":[{"href":"https:\/\/powerupplus.es\/en\/wp-json\/wp\/v2\/media?parent=60"}],"curies":[{"name":"wp","href":"https:\/\/api.w.org\/{rel}","templated":true}]}}